{"id":13,"date":"2026-05-05T11:56:22","date_gmt":"2026-05-05T09:56:22","guid":{"rendered":"http:\/\/checkout.bliskoscbezleku.pl\/?post_type=product&#038;p=13"},"modified":"2026-05-07T13:42:50","modified_gmt":"2026-05-07T11:42:50","slug":"zobacz-wzorzec-ktory-wraca","status":"publish","type":"product","link":"https:\/\/checkout.bliskoscbezleku.pl\/?product=zobacz-wzorzec-ktory-wraca","title":{"rendered":"Nowa obsada, ten sam film"},"content":{"rendered":"<p>Wejd\u017a w tekst, kt\u00f3ry pomaga nazwa\u0107 to, co w relacjach wraca \u2014 nawet je\u015bli zmieniaj\u0105 si\u0119 osoby.<\/p>\n<p>\u2014 zobaczysz, dlaczego zmieniaj\u0105 si\u0119 ludzie, a schemat zostaje<br \/>\n\u2014 odr\u00f3\u017cnisz emocj\u0119 od starego alarmu<br \/>\n\u2014 zrozumiesz, czemu \u015bwiadomo\u015b\u0107 nie zatrzymuje reakcji<br \/>\n\u2014 nazwiesz to, co wcze\u015bniej by\u0142o tylko napi\u0119ciem<\/p>\n","protected":false},"excerpt":{"rendered":"<p>Wejd\u017a w tekst, kt\u00f3ry pomaga nazwa\u0107 to, co w relacjach wraca \u2014 nawet je\u015bli zmieniaj\u0105 si\u0119 osoby. \u2014 zobaczysz, dlaczego zmieniaj\u0105 si\u0119 ludzie, a schemat zostaje \u2014 odr\u00f3\u017cnisz emocj\u0119 od starego alarmu \u2014 zrozumiesz, czemu \u015bwiadomo\u015b\u0107 nie zatrzymuje reakcji \u2014 nazwiesz to, co wcze\u015bniej by\u0142o tylko napi\u0119ciem<\/p>\n","protected":false},"featured_media":0,"comment_status":"open","ping_status":"closed","template":"","meta":[],"product_brand":[],"product_cat":[15],"product_tag":[],"class_list":{"0":"post-13","1":"product","2":"type-product","3":"status-publish","5":"product_cat-uncategorized","7":"first","8":"instock","9":"downloadable","10":"virtual","11":"purchasable","12":"product-type-simple"},"_links":{"self":[{"href":"https:\/\/checkout.bliskoscbezleku.pl\/index.php?rest_route=\/wp\/v2\/product\/13","targetHints":{"allow":["GET"]}}],"collection":[{"href":"https:\/\/checkout.bliskoscbezleku.pl\/index.php?rest_route=\/wp\/v2\/product"}],"about":[{"href":"https:\/\/checkout.bliskoscbezleku.pl\/index.php?rest_route=\/wp\/v2\/types\/product"}],"replies":[{"embeddable":true,"href":"https:\/\/checkout.bliskoscbezleku.pl\/index.php?rest_route=%2Fwp%2Fv2%2Fcomments&post=13"}],"wp:attachment":[{"href":"https:\/\/checkout.bliskoscbezleku.pl\/index.php?rest_route=%2Fwp%2Fv2%2Fmedia&parent=13"}],"wp:term":[{"taxonomy":"product_brand","embeddable":true,"href":"https:\/\/checkout.bliskoscbezleku.pl\/index.php?rest_route=%2Fwp%2Fv2%2Fproduct_brand&post=13"},{"taxonomy":"product_cat","embeddable":true,"href":"https:\/\/checkout.bliskoscbezleku.pl\/index.php?rest_route=%2Fwp%2Fv2%2Fproduct_cat&post=13"},{"taxonomy":"product_tag","embeddable":true,"href":"https:\/\/checkout.bliskoscbezleku.pl\/index.php?rest_route=%2Fwp%2Fv2%2Fproduct_tag&post=13"}],"curies":[{"name":"wp","href":"https:\/\/api.w.org\/{rel}","templated":true}]}}