{"id":14,"date":"2026-05-05T12:12:12","date_gmt":"2026-05-05T10:12:12","guid":{"rendered":"http:\/\/checkout.bliskoscbezleku.pl\/?post_type=product&#038;p=14"},"modified":"2026-05-07T13:42:12","modified_gmt":"2026-05-07T11:42:12","slug":"zobacz-swoj-wzorzec-krok-po-kroku","status":"publish","type":"product","link":"https:\/\/checkout.bliskoscbezleku.pl\/?product=zobacz-swoj-wzorzec-krok-po-kroku","title":{"rendered":"Nowa obsada + Mapa Wzorca"},"content":{"rendered":"<p>Nie tylko zrozumiesz \u2014 zobaczysz sw\u00f3j schemat na kartce i przejdziesz przez niego \u015bwiadomie.<\/p>\n<p>\u2014 pe\u0142ny przewodnik \u201eNowa obsada, ten sam film\u201d<br \/>\n\u2014 7 dni pracy z w\u0142asnym wzorcem<br \/>\n\u2014 zobaczysz sekwencj\u0119: bodziec \u2192 cia\u0142o \u2192 my\u015bl \u2192 reakcja<br \/>\n\u2014 prze\u0142o\u017cysz wiedz\u0119 na konkretne do\u015bwiadczenie<br \/>\n\u2014 wyjdziesz z jedn\u0105 odpowiedzi\u0105, do kt\u00f3rej mo\u017cesz wraca\u0107<\/p>\n","protected":false},"excerpt":{"rendered":"<p>Nie tylko zrozumiesz \u2014 zobaczysz sw\u00f3j schemat na kartce i przejdziesz przez niego \u015bwiadomie. \u2014 pe\u0142ny przewodnik \u201eNowa obsada, ten sam film\u201d \u2014 7 dni pracy z w\u0142asnym wzorcem \u2014 zobaczysz sekwencj\u0119: bodziec \u2192 cia\u0142o \u2192 my\u015bl \u2192 reakcja \u2014 prze\u0142o\u017cysz wiedz\u0119 na konkretne do\u015bwiadczenie \u2014 wyjdziesz z jedn\u0105 odpowiedzi\u0105, do kt\u00f3rej mo\u017cesz wraca\u0107<\/p>\n","protected":false},"featured_media":0,"comment_status":"open","ping_status":"closed","template":"","meta":[],"product_brand":[],"product_cat":[15],"product_tag":[],"class_list":{"0":"post-14","1":"product","2":"type-product","3":"status-publish","5":"product_cat-uncategorized","7":"first","8":"instock","9":"downloadable","10":"virtual","11":"purchasable","12":"product-type-simple"},"_links":{"self":[{"href":"https:\/\/checkout.bliskoscbezleku.pl\/index.php?rest_route=\/wp\/v2\/product\/14","targetHints":{"allow":["GET"]}}],"collection":[{"href":"https:\/\/checkout.bliskoscbezleku.pl\/index.php?rest_route=\/wp\/v2\/product"}],"about":[{"href":"https:\/\/checkout.bliskoscbezleku.pl\/index.php?rest_route=\/wp\/v2\/types\/product"}],"replies":[{"embeddable":true,"href":"https:\/\/checkout.bliskoscbezleku.pl\/index.php?rest_route=%2Fwp%2Fv2%2Fcomments&post=14"}],"wp:attachment":[{"href":"https:\/\/checkout.bliskoscbezleku.pl\/index.php?rest_route=%2Fwp%2Fv2%2Fmedia&parent=14"}],"wp:term":[{"taxonomy":"product_brand","embeddable":true,"href":"https:\/\/checkout.bliskoscbezleku.pl\/index.php?rest_route=%2Fwp%2Fv2%2Fproduct_brand&post=14"},{"taxonomy":"product_cat","embeddable":true,"href":"https:\/\/checkout.bliskoscbezleku.pl\/index.php?rest_route=%2Fwp%2Fv2%2Fproduct_cat&post=14"},{"taxonomy":"product_tag","embeddable":true,"href":"https:\/\/checkout.bliskoscbezleku.pl\/index.php?rest_route=%2Fwp%2Fv2%2Fproduct_tag&post=14"}],"curies":[{"name":"wp","href":"https:\/\/api.w.org\/{rel}","templated":true}]}}